{"id":39,"date":"2015-06-29T15:07:44","date_gmt":"2015-06-29T14:07:44","guid":{"rendered":"http:\/\/www.psychoanalyse-praxis.de\/wordpress\/?page_id=39"},"modified":"2017-06-18T14:59:38","modified_gmt":"2017-06-18T13:59:38","slug":"fuer-die-ganze-familie","status":"publish","type":"page","link":"https:\/\/www.psychoanalyse-praxis.de\/?page_id=39","title":{"rendered":"F\u00fcr die ganze Familie"},"content":{"rendered":"<div id=\"c9490\" class=\"csc-frame csc-frame-rulerBefore\">\n<div class=\"csc-header csc-header-n1\">\n<h2 class=\"csc-firstHeader\">Therapieangebote in der Praxis Nathan<\/h2>\n<\/div>\n<\/div>\n<div id=\"c9489\" class=\"csc-frame csc-frame-rulerBefore\">\n<div class=\"csc-header csc-header-n2\">\n<h2>Verschiedene Therapieformen<\/h2>\n<\/div>\n<p class=\"bodytext\"><u><b>Als tiefenpsychologisch fundierte oder analytische Paar- oder Familientherapie<\/b><\/u>:<\/p>\n<p class=\"bodytext\">Diese Art der Therapie geht davon aus, da\u00df St\u00f6rungen des Einzelnen ihre Ursache vorwiegend in St\u00f6rungen der Beziehung der einzelnen Familienmitglieder untereinander haben. So ist es sinnvoll, einerseits mit dem Elternpaar zu arbeiten und andererseits mit der gesamten Familie; denn diese Arbeit geht von der Vorstellung aus, da\u00df bisher unerkannte konfliktbesetzte unerledigte Themen aus der Vergangenheit die gegenw\u00e4rtigen Familienbeziehungen belasten. Die Aufarbeitung dieser Konflikte f\u00f6rdert dann die Gesundung der gegenw\u00e4rtigen Familienstrukturen. Ob die Bearbeitung mehr tiefenpsychologisch fundiert oder analytisch verl\u00e4uft, h\u00e4ngt davon ab, ob die Beteiligten den Wunsch haben, ihre Situation grundlegend zu ver\u00e4ndern, oder nur daf\u00fcr sorgen wollen, da\u00df alles wieder so wird wie vor der Krise, die zum Therapiewunsch gef\u00fchrt hat.<\/p>\n<p class=\"bodytext\"><i><strong>Anmerkung:<\/strong> So sinnvoll diese Art der Therapie auch ist, sie ist derzeit noch nicht als Kassenleistung anerkannt.<\/i><\/p>\n<p class=\"bodytext\">\n<\/div>\n","protected":false},"excerpt":{"rendered":"<p>Therapieangebote in der Praxis Nathan Verschiedene Therapieformen Als tiefenpsychologisch fundierte oder analytische Paar- oder Familientherapie: Diese Art der Therapie geht davon aus, da\u00df St\u00f6rungen des Einzelnen ihre Ursache vorwiegend in St\u00f6rungen der Beziehung der einzelnen Familienmitglieder untereinander haben. So ist es sinnvoll, einerseits mit dem Elternpaar zu arbeiten und andererseits mit der gesamten Familie; denn &#8230; <a title=\"F\u00fcr die ganze Familie\" class=\"read-more\" href=\"https:\/\/www.psychoanalyse-praxis.de\/?page_id=39\" aria-label=\"Mehr Informationen \u00fcber F\u00fcr die ganze Familie\">Weiterlesen<\/a><\/p>\n","protected":false},"author":3,"featured_media":0,"parent":0,"menu_order":0,"comment_status":"closed","ping_status":"closed","template":"","meta":{"footnotes":""},"class_list":["post-39","page","type-page","status-publish"],"_links":{"self":[{"href":"https:\/\/www.psychoanalyse-praxis.de\/index.php?rest_route=\/wp\/v2\/pages\/39","targetHints":{"allow":["GET"]}}],"collection":[{"href":"https:\/\/www.psychoanalyse-praxis.de\/index.php?rest_route=\/wp\/v2\/pages"}],"about":[{"href":"https:\/\/www.psychoanalyse-praxis.de\/index.php?rest_route=\/wp\/v2\/types\/page"}],"author":[{"embeddable":true,"href":"https:\/\/www.psychoanalyse-praxis.de\/index.php?rest_route=\/wp\/v2\/users\/3"}],"replies":[{"embeddable":true,"href":"https:\/\/www.psychoanalyse-praxis.de\/index.php?rest_route=%2Fwp%2Fv2%2Fcomments&post=39"}],"version-history":[{"count":6,"href":"https:\/\/www.psychoanalyse-praxis.de\/index.php?rest_route=\/wp\/v2\/pages\/39\/revisions"}],"predecessor-version":[{"id":262,"href":"https:\/\/www.psychoanalyse-praxis.de\/index.php?rest_route=\/wp\/v2\/pages\/39\/revisions\/262"}],"wp:attachment":[{"href":"https:\/\/www.psychoanalyse-praxis.de\/index.php?rest_route=%2Fwp%2Fv2%2Fmedia&parent=39"}],"curies":[{"name":"wp","href":"https:\/\/api.w.org\/{rel}","templated":true}]}}