{"id":6,"date":"2015-05-07T05:24:08","date_gmt":"2015-05-07T03:24:08","guid":{"rendered":"http:\/\/localhost\/wordpress\/?page_id=2"},"modified":"2025-07-09T11:43:09","modified_gmt":"2025-07-09T10:43:09","slug":"sample-page-2","status":"publish","type":"page","link":"https:\/\/www.psychoanalyse-praxis.de\/","title":{"rendered":"Home"},"content":{"rendered":"<div id=\"breadcrumb\" style=\"text-align: center;\"><strong>Willkommen auf der Homepage der Praxis<br \/>\n<\/strong><\/div>\n<div style=\"text-align: center;\"><strong>Dipl.Psych. Dr. phil. Ruth Nathan<br \/>\n<\/strong><\/div>\n<div style=\"text-align: center;\"><\/div>\n<div><strong>\u00a0<\/strong><\/div>\n<div id=\"c10199\" class=\"csc-frame csc-frame-rulerBefore\">\n<div class=\"csc-textpic csc-textpic-intext-right csc-textpic-caption-c\">\n<div class=\"csc-textpic-imagewrap\">\n<div class=\"csc-textpic-imagerow\">\n<dl class=\"csc-textpic-image csc-textpic-firstcol csc-textpic-lastcol\">\n<dt><div id='gallery-1' class='gallery galleryid-6 gallery-columns-1 gallery-size-thumbnail'><figure class='gallery-item'>\n\t\t\t<div class='gallery-icon landscape'>\n\t\t\t\t<img loading=\"lazy\" decoding=\"async\" width=\"150\" height=\"150\" src=\"https:\/\/www.psychoanalyse-praxis.de\/wp-content\/uploads\/2015\/05\/Home-150x150.jpg\" class=\"attachment-thumbnail size-thumbnail\" alt=\"Dipl. Psych. Dr. phil. Ruth Nathan 2015\" aria-describedby=\"gallery-1-186\" \/>\n\t\t\t<\/div>\n\t\t\t\t<figcaption class='wp-caption-text gallery-caption' id='gallery-1-186'>\n\t\t\t\tDipl. Psych. Dr. phil. Ruth Nathan 2015\n\t\t\t\t<\/figcaption><\/figure>\n\t\t<\/div>\n<\/dt>\n<\/dl>\n<\/div>\n<p class=\"csc-textpic-caption\">Patientinnen und Patienten haben hier die M\u00f6glichkeit, sich \u00fcber die Praxis zu informieren. Interessant in diesem Zusammenhang sind insbesondere diese Men\u00fcpukte:<\/p>\n<\/div>\n<div class=\"csc-textpic-text\">\n<p class=\"bodytext\">&#8222;Therapie&#8220;: Hier stelle ich die unterschiedlichen Therapieformen meiner Praxis genauer vor.<\/p>\n<p class=\"bodytext\">&#8222;Kontakt&#8220;: Hier finden Sie alle wichtigen Informationen zu mir und wie Sie mich in der Praxis am besten erreichen k\u00f6nnen.<\/p>\n<p class=\"bodytext\">Seit 2007 arbeite ich in Praxisgemeinschaft: Die Kassenpraxis f\u00fcr die Therapie von Erwachsenen f\u00fchre ich selbst, die Kassenpraxis f\u00fcr die Therapie von Kindern und Jugendlichen f\u00fchrt Frau Dipl.Psych. Vera Schulte (Tel. 02234-9499877).<\/p>\n<p class=\"bodytext\">Das Behandlungsangebot umfa\u00dft Analytische Einzel- und Gruppenpsychotherapie, Analytische Kinder- und Jugendlichenpsychotherapie sowie Analytische Paar- und Familientherapie.<\/p>\n<p class=\"bodytext\">Vielen Dank, dass Sie mich auf meiner Homepage besuchen.<\/p>\n<\/div>\n<\/div>\n<\/div>\n","protected":false},"excerpt":{"rendered":"<p>Willkommen auf der Homepage der Praxis Dipl.Psych. Dr. phil. Ruth Nathan \u00a0 Patientinnen und Patienten haben hier die M\u00f6glichkeit, sich \u00fcber die Praxis zu informieren. Interessant in diesem Zusammenhang sind insbesondere diese Men\u00fcpukte: &#8222;Therapie&#8220;: Hier stelle ich die unterschiedlichen Therapieformen meiner Praxis genauer vor. &#8222;Kontakt&#8220;: Hier finden Sie alle wichtigen Informationen zu mir und wie &#8230; <a title=\"Home\" class=\"read-more\" href=\"https:\/\/www.psychoanalyse-praxis.de\/\" aria-label=\"Mehr Informationen \u00fcber Home\">Weiterlesen<\/a><\/p>\n","protected":false},"author":3,"featured_media":0,"parent":0,"menu_order":0,"comment_status":"closed","ping_status":"closed","template":"","meta":{"footnotes":""},"class_list":["post-6","page","type-page","status-publish"],"_links":{"self":[{"href":"https:\/\/www.psychoanalyse-praxis.de\/index.php?rest_route=\/wp\/v2\/pages\/6","targetHints":{"allow":["GET"]}}],"collection":[{"href":"https:\/\/www.psychoanalyse-praxis.de\/index.php?rest_route=\/wp\/v2\/pages"}],"about":[{"href":"https:\/\/www.psychoanalyse-praxis.de\/index.php?rest_route=\/wp\/v2\/types\/page"}],"author":[{"embeddable":true,"href":"https:\/\/www.psychoanalyse-praxis.de\/index.php?rest_route=\/wp\/v2\/users\/3"}],"replies":[{"embeddable":true,"href":"https:\/\/www.psychoanalyse-praxis.de\/index.php?rest_route=%2Fwp%2Fv2%2Fcomments&post=6"}],"version-history":[{"count":14,"href":"https:\/\/www.psychoanalyse-praxis.de\/index.php?rest_route=\/wp\/v2\/pages\/6\/revisions"}],"predecessor-version":[{"id":273,"href":"https:\/\/www.psychoanalyse-praxis.de\/index.php?rest_route=\/wp\/v2\/pages\/6\/revisions\/273"}],"wp:attachment":[{"href":"https:\/\/www.psychoanalyse-praxis.de\/index.php?rest_route=%2Fwp%2Fv2%2Fmedia&parent=6"}],"curies":[{"name":"wp","href":"https:\/\/api.w.org\/{rel}","templated":true}]}}