{"id":7,"date":"2015-06-29T14:07:41","date_gmt":"2015-06-29T12:07:41","guid":{"rendered":"http:\/\/www.psychoanalyse-praxis.de\/wordpress\/?page_id=7"},"modified":"2023-03-09T17:03:32","modified_gmt":"2023-03-09T16:03:32","slug":"therapieangebote","status":"publish","type":"page","link":"https:\/\/www.psychoanalyse-praxis.de\/?page_id=7","title":{"rendered":"Therapieangebote"},"content":{"rendered":"<div id=\"c607\" class=\"csc-frame csc-frame-rulerBefore\">\n<div class=\"csc-header csc-header-n1\">\n<h2 class=\"csc-firstHeader\">Therapieangebote in der Praxis Dr. Nathan<\/h2>\n<\/div>\n<p class=\"bodytext\">A) F\u00fcr Erwachsene<\/p>\n<\/div>\n<div id=\"c468\" class=\"csc-frame csc-frame-rulerBefore\">\n<div class=\"csc-header csc-header-n2\">\n<h2>Kurzzeittherapie (KZT &#8211; h\u00f6chstens 24 Sitzungen)<\/h2>\n<\/div>\n<p class=\"bodytext\"><u><b>Als tiefenpsychologisch fundierte Einzeltherapie<\/b><\/u>:<\/p>\n<p class=\"bodytext\">Die KZT bietet sich an bei Vorliegen einer Krise oder einer \u00fcberschaubaren seelischen St\u00f6rung. In bis zu 24 Sitzungen (jeweils 50 Minuten) wird versucht, auf dem Hintergrund der pers\u00f6nlichen Geschichte das akute Problem zu verstehen und zu l\u00f6sen.<\/p>\n<\/div>\n<div id=\"c489\" class=\"csc-frame csc-frame-rulerBefore\">\n<div class=\"csc-header csc-header-n3\">\n<h2>Langzeittherapie (LZT &#8211; mindestens 60 bzw. 80 Sitzungen)<\/h2>\n<\/div>\n<p class=\"bodytext\"><u><b>Als tiefenpsychologisch fundierte Einzeltherapie<\/b><\/u>:<\/p>\n<p class=\"bodytext\">Hier wird versucht, auf dem Hintergrund der pers\u00f6nlichen Geschichte umgrenzte seelische Konflikte des Patienten zu verstehen und einen ges\u00fcnderen Umgang damit zu erreichen.<\/p>\n<p class=\"bodytext\"><u><b>Als analytische Einzeltherapie<\/b><\/u>:<\/p>\n<p class=\"bodytext\">Hier geht es um weitergehende Ziele als bei der tiefenpsychologisch fundierten Therapie, n\u00e4mlich um die Ver\u00e4nderung krankmachender seelischer Grundstrukturen. Entsprechend h\u00e4ufiger findet sie statt, und entsprechend l\u00e4nger dauert sie; denn die Ver\u00e4nderung seelischer Grundstrukturen braucht Zeit. Als &#8222;erinnern, wiederholen, durcharbeiten&#8220; charakterisiert S. Freud, der Begr\u00fcnder der Psychoanalyse, diese Art der therapeutischen Arbeit.<\/p>\n<p class=\"bodytext\"><u><b>Als analytische Gruppentherapie<\/b><\/u>:<\/p>\n<p class=\"bodytext\">Auch hier geht es um Ver\u00e4nderung tief verwurzelter seelischer Grundstrukturen auf dem Hintergrund der pers\u00f6nlichen Lebensgeschichte. Da sich in der Gruppe Situationen der eigenen Geschichte anschaulich abbilden k\u00f6nnen, bietet dieses Therapiesetting eine gute M\u00f6glichkeit f\u00fcr die Bearbeitung tief sitzender seelischer Konflikte.<\/p>\n<\/div>\n","protected":false},"excerpt":{"rendered":"<p>Therapieangebote in der Praxis Dr. Nathan A) F\u00fcr Erwachsene Kurzzeittherapie (KZT &#8211; h\u00f6chstens 24 Sitzungen) Als tiefenpsychologisch fundierte Einzeltherapie: Die KZT bietet sich an bei Vorliegen einer Krise oder einer \u00fcberschaubaren seelischen St\u00f6rung. In bis zu 24 Sitzungen (jeweils 50 Minuten) wird versucht, auf dem Hintergrund der pers\u00f6nlichen Geschichte das akute Problem zu verstehen und &#8230; <a title=\"Therapieangebote\" class=\"read-more\" href=\"https:\/\/www.psychoanalyse-praxis.de\/?page_id=7\" aria-label=\"Mehr Informationen \u00fcber Therapieangebote\">Weiterlesen<\/a><\/p>\n","protected":false},"author":3,"featured_media":0,"parent":0,"menu_order":0,"comment_status":"closed","ping_status":"closed","template":"","meta":{"footnotes":""},"class_list":["post-7","page","type-page","status-publish"],"_links":{"self":[{"href":"https:\/\/www.psychoanalyse-praxis.de\/index.php?rest_route=\/wp\/v2\/pages\/7","targetHints":{"allow":["GET"]}}],"collection":[{"href":"https:\/\/www.psychoanalyse-praxis.de\/index.php?rest_route=\/wp\/v2\/pages"}],"about":[{"href":"https:\/\/www.psychoanalyse-praxis.de\/index.php?rest_route=\/wp\/v2\/types\/page"}],"author":[{"embeddable":true,"href":"https:\/\/www.psychoanalyse-praxis.de\/index.php?rest_route=\/wp\/v2\/users\/3"}],"replies":[{"embeddable":true,"href":"https:\/\/www.psychoanalyse-praxis.de\/index.php?rest_route=%2Fwp%2Fv2%2Fcomments&post=7"}],"version-history":[{"count":3,"href":"https:\/\/www.psychoanalyse-praxis.de\/index.php?rest_route=\/wp\/v2\/pages\/7\/revisions"}],"predecessor-version":[{"id":369,"href":"https:\/\/www.psychoanalyse-praxis.de\/index.php?rest_route=\/wp\/v2\/pages\/7\/revisions\/369"}],"wp:attachment":[{"href":"https:\/\/www.psychoanalyse-praxis.de\/index.php?rest_route=%2Fwp%2Fv2%2Fmedia&parent=7"}],"curies":[{"name":"wp","href":"https:\/\/api.w.org\/{rel}","templated":true}]}}